{"id":342,"date":"2023-09-12T05:32:46","date_gmt":"2023-09-12T04:32:46","guid":{"rendered":"https:\/\/centredacim.com\/?page_id=342"},"modified":"2023-09-12T22:31:11","modified_gmt":"2023-09-12T21:31:11","slug":"exposition","status":"publish","type":"page","link":"https:\/\/centredacim.com\/index.php\/exposition\/","title":{"rendered":"Expositions"},"content":{"rendered":"\n<p>Le processus de la pr\u00e9paration de l\u2019exposition n\u00e9cessite les efforts et la pers\u00e9v\u00e9rance. <\/p>\n\n\n\n<p>Cependant, d\u00e8s qu\u2019une \u0153uvre sera accroch\u00e9e au mur, elle deviendra un passage \u00e0 travers lequel les spectateurs partageront diff\u00e9rentes perspectives.<\/p>\n\n\n\n<p><br><strong>Le Centre d\u2019ACIM<\/strong> pr\u00e9voit diverses expositions comme les suivantes:<\/p>\n\n\n\n<div class=\"wp-block-columns cols-shadow cols-padding cols-single-sm gap-30 pt-5 pb-5 is-layout-flex wp-container-4 wp-block-columns-is-layout-flex\">\n<div class=\"wp-block-column is-layout-flow wp-block-column-is-layout-flow\">\n<figure class=\"wp-block-image aligncenter size-full is-resized\"><img decoding=\"async\" loading=\"lazy\" src=\"https:\/\/centredacim.com\/wp-content\/uploads\/2023\/09\/ex-1-1.png\" alt=\"\" class=\"wp-image-344\" style=\"object-fit:cover;width:300px;height:250px\" width=\"300\" height=\"250\"\/><\/figure>\n\n\n\n<div style=\"height:50px\" aria-hidden=\"true\" class=\"wp-block-spacer\"><\/div>\n\n\n\n<h5 class=\"wp-block-heading has-text-align-center mt-0 mb-05\">Exposition annuelle des \u00e9tudiants<\/h5>\n<\/div>\n\n\n\n<div class=\"wp-block-column is-layout-flow wp-block-column-is-layout-flow\">\n<figure class=\"wp-block-image aligncenter size-full is-resized\"><img decoding=\"async\" loading=\"lazy\" src=\"https:\/\/centredacim.com\/wp-content\/uploads\/2023\/09\/ex1-1-1.png\" alt=\"\" class=\"wp-image-345\" style=\"object-fit:cover;width:300px;height:250px\" width=\"300\" height=\"250\"\/><\/figure>\n\n\n\n<div style=\"height:50px\" aria-hidden=\"true\" class=\"wp-block-spacer\"><\/div>\n\n\n\n<h5 class=\"wp-block-heading has-text-align-center mt-0 mb-05\">Projet d\u2019exposition et d\u2019installation<\/h5>\n<\/div>\n\n\n\n<div class=\"wp-block-column is-layout-flow wp-block-column-is-layout-flow\">\n<figure class=\"wp-block-image aligncenter size-large is-resized\"><img decoding=\"async\" loading=\"lazy\" src=\"https:\/\/centredacim.com\/wp-content\/uploads\/2023\/09\/ex1-3-2-1024x781.png\" alt=\"\" class=\"wp-image-346\" style=\"object-fit:cover;width:300px;height:250px\" width=\"300\" height=\"250\"\/><\/figure>\n\n\n\n<div style=\"height:50px\" aria-hidden=\"true\" class=\"wp-block-spacer\"><\/div>\n\n\n\n<h5 class=\"wp-block-heading has-text-align-center mt-0 mb-05\">Des \u0153uvres au-del\u00e0 du mur<\/h5>\n<\/div>\n<\/div>\n","protected":false},"excerpt":{"rendered":"<p>Le processus de la pr\u00e9paration de l\u2019exposition n\u00e9cessite les efforts et la pers\u00e9v\u00e9rance. Cependant, d\u00e8s qu\u2019une \u0153uvre sera accroch\u00e9e au<span class=\"more-dots\">&#8230;<\/span><\/p>\n","protected":false},"author":1,"featured_media":0,"parent":0,"menu_order":0,"comment_status":"closed","ping_status":"closed","template":"","meta":{"_monsterinsights_skip_tracking":false,"_monsterinsights_sitenote_active":false,"_monsterinsights_sitenote_note":"","_monsterinsights_sitenote_category":0,"footnotes":""},"aioseo_notices":[],"_links":{"self":[{"href":"https:\/\/centredacim.com\/index.php\/wp-json\/wp\/v2\/pages\/342"}],"collection":[{"href":"https:\/\/centredacim.com\/index.php\/wp-json\/wp\/v2\/pages"}],"about":[{"href":"https:\/\/centredacim.com\/index.php\/wp-json\/wp\/v2\/types\/page"}],"author":[{"embeddable":true,"href":"https:\/\/centredacim.com\/index.php\/wp-json\/wp\/v2\/users\/1"}],"replies":[{"embeddable":true,"href":"https:\/\/centredacim.com\/index.php\/wp-json\/wp\/v2\/comments?post=342"}],"version-history":[{"count":6,"href":"https:\/\/centredacim.com\/index.php\/wp-json\/wp\/v2\/pages\/342\/revisions"}],"predecessor-version":[{"id":579,"href":"https:\/\/centredacim.com\/index.php\/wp-json\/wp\/v2\/pages\/342\/revisions\/579"}],"wp:attachment":[{"href":"https:\/\/centredacim.com\/index.php\/wp-json\/wp\/v2\/media?parent=342"}],"curies":[{"name":"wp","href":"https:\/\/api.w.org\/{rel}","templated":true}]}}