{"id":456,"date":"2023-09-12T09:42:07","date_gmt":"2023-09-12T08:42:07","guid":{"rendered":"https:\/\/centredacim.com\/?page_id=456"},"modified":"2023-09-14T22:05:41","modified_gmt":"2023-09-14T21:05:41","slug":"home","status":"publish","type":"page","link":"https:\/\/centredacim.com\/","title":{"rendered":"home"},"content":{"rendered":"\n<div class=\"wp-block-columns is-layout-flex wp-container-2 wp-block-columns-is-layout-flex\">\n<div class=\"wp-block-column is-layout-flow wp-block-column-is-layout-flow\"><\/div>\n<\/div>\n\n\n\n<div class=\"alignnormal\"><div id=\"metaslider-id-353\" style=\"width: 100%; margin: 0 auto;\" class=\"ml-slider-3-37-0 metaslider metaslider-flex metaslider-353 ml-slider ms-theme-simply-dark has-carousel-mode has-dots-nav\" role=\"region\" aria-roledescription=\"Slideshow\" aria-label=\"New Slideshow\">\n    <div id=\"metaslider_container_353\">\n        <div id=\"metaslider_353\">\n            <ul aria-live=\"polite\" class=\"slides\">\n                <li style=\"display: none; width: 100%;\" class=\"slide-358 ms-image\" aria-roledescription=\"slide\" aria-label=\"slide-358\"><a href=\"https:\/\/centredacim.com\/index.php\/2023\/09\/27\/le-monde-du-ciel\/\" target=\"_blank\"><img src=\"https:\/\/centredacim.com\/wp-content\/uploads\/2023\/09\/chateau-1464x1979-1-1400x900.jpg\" height=\"900\" width=\"1400\" alt=\"\" class=\"slider-353 slide-358\" title=\"cha\u0302teau 1464x1979\" \/><\/a><div class=\"caption-wrap\"><div class=\"caption\">Le monde du ciel : Samedi, le 4 novembre 2023 \u00e0 9h30-11h20<\/div><\/div><\/li>\n                <li style=\"display: none; width: 100%;\" class=\"slide-360 ms-image\" aria-roledescription=\"slide\" aria-label=\"slide-360\"><a href=\"https:\/\/centredacim.com\/index.php\/2023\/09\/11\/la-main-dhomme-hwan-kim\/\" target=\"_blank\"><img src=\"https:\/\/centredacim.com\/wp-content\/uploads\/2023\/09\/La-main-dhomme-2023hk-1200x771.png\" height=\"900\" width=\"1400\" alt=\"\" class=\"slider-353 slide-360\" title=\"La main d\u2019homme-2023hk\" \/><\/a><div class=\"caption-wrap\"><div class=\"caption\">\u00ab La main d\u2019homme \u00bb Hwan KIM  :  \u00c9v\u00e9nement de l\u2019expo Samedi, le 30 septembre 2023 \u00e0 10h<\/div><\/div><\/li>\n            <\/ul>\n        <\/div>\n        \n    <\/div>\n<\/div><\/div>\n\n\n\n<div style=\"height:100px\" aria-hidden=\"true\" class=\"wp-block-spacer\"><\/div>\n\n\n\n<div class=\"wp-block-columns has-border-color has-font-muted-background-color has-text-color has-background is-layout-flex wp-container-16 wp-block-columns-is-layout-flex\" style=\"margin-top:0;margin-bottom:0;padding-top:var(--wp--preset--spacing--30);padding-right:var(--wp--preset--spacing--30);padding-bottom:var(--wp--preset--spacing--30);padding-left:var(--wp--preset--spacing--30)\">\n<div class=\"wp-block-column is-layout-flow wp-block-column-is-layout-flow\" style=\"padding-top:var(--wp--preset--spacing--50);padding-right:var(--wp--preset--spacing--40);padding-bottom:var(--wp--preset--spacing--50);padding-left:var(--wp--preset--spacing--40)\">\n<p class=\"has-text-align-center has-huge-font-size\"><strong>Peinture en technique acad\u00e9mique<\/strong><\/p>\n\n\n\n<div class=\"wp-block-buttons is-content-justification-center is-layout-flex wp-container-3 wp-block-buttons-is-layout-flex\" style=\"margin-top:var(--wp--preset--spacing--50);margin-bottom:var(--wp--preset--spacing--50)\">\n<div class=\"wp-block-button has-custom-width wp-block-button__width-100 has-custom-font-size is-style-fill has-normal-font-size\"><a class=\"wp-block-button__link has-border-color has-font-background-color has-text-color has-background has-text-align-center wp-element-button\" href=\"https:\/\/centredacim.com\/index.php\/peinture-en-technique-academique\/#dessinn1\" style=\"border-style:none;border-width:0px;border-radius:13px;padding-top:var(--wp--preset--spacing--40);padding-right:var(--wp--preset--spacing--40);padding-bottom:var(--wp--preset--spacing--40);padding-left:var(--wp--preset--spacing--40)\"><strong>Dessin essentiel&nbsp;: niveau \u2013 I<\/strong><\/a><\/div>\n<\/div>\n\n\n\n<div class=\"wp-block-buttons is-content-justification-center is-layout-flex wp-container-4 wp-block-buttons-is-layout-flex\" style=\"margin-top:var(--wp--preset--spacing--50);margin-bottom:var(--wp--preset--spacing--50)\">\n<div class=\"wp-block-button has-custom-width wp-block-button__width-100 has-custom-font-size is-style-fill has-normal-font-size\"><a class=\"wp-block-button__link has-border-color has-dark-background-color has-text-color has-background wp-element-button\" href=\"https:\/\/centredacim.com\/index.php\/peinture-en-technique-academique\/#dessinn2\" style=\"border-style:none;border-width:0px;border-radius:13px;padding-top:var(--wp--preset--spacing--40);padding-right:var(--wp--preset--spacing--40);padding-bottom:var(--wp--preset--spacing--40);padding-left:var(--wp--preset--spacing--40)\"><strong>Dessin compl\u00e8te&nbsp;: niveau \u2013 II<\/strong><\/a><\/div>\n<\/div>\n\n\n\n<div class=\"wp-block-buttons is-content-justification-center is-layout-flex wp-container-5 wp-block-buttons-is-layout-flex\" style=\"margin-top:var(--wp--preset--spacing--50);margin-bottom:var(--wp--preset--spacing--50)\">\n<div class=\"wp-block-button has-custom-width wp-block-button__width-100 has-custom-font-size is-style-fill has-normal-font-size\"><a class=\"wp-block-button__link has-border-color has-dark-background-color has-text-color has-background wp-element-button\" href=\"https:\/\/centredacim.com\/index.php\/peinture-en-technique-academique\/#aquarelle\" style=\"border-style:none;border-width:0px;border-radius:13px;padding-top:var(--wp--preset--spacing--40);padding-right:var(--wp--preset--spacing--40);padding-bottom:var(--wp--preset--spacing--40);padding-left:var(--wp--preset--spacing--40)\"><strong><strong>Peinture aquarelle \u2018claire\u2019 <\/strong><\/strong><\/a><\/div>\n<\/div>\n\n\n\n<div class=\"wp-block-buttons is-content-justification-center is-layout-flex wp-container-6 wp-block-buttons-is-layout-flex\" style=\"margin-top:var(--wp--preset--spacing--50);margin-bottom:var(--wp--preset--spacing--50)\">\n<div class=\"wp-block-button has-custom-width wp-block-button__width-100 has-custom-font-size is-style-fill has-normal-font-size\"><a class=\"wp-block-button__link has-border-color has-dark-background-color has-text-color has-background wp-element-button\" href=\"https:\/\/centredacim.com\/index.php\/peinture-en-technique-academique\/#acrylique\" style=\"border-style:none;border-width:0px;border-radius:13px;padding-top:var(--wp--preset--spacing--40);padding-right:var(--wp--preset--spacing--40);padding-bottom:var(--wp--preset--spacing--40);padding-left:var(--wp--preset--spacing--40)\"><strong><strong>Peinture acrylique <\/strong><\/strong><\/a><\/div>\n<\/div>\n\n\n\n<div class=\"wp-block-buttons is-content-justification-center is-layout-flex wp-container-7 wp-block-buttons-is-layout-flex\" style=\"margin-top:var(--wp--preset--spacing--50);margin-bottom:var(--wp--preset--spacing--50)\">\n<div class=\"wp-block-button has-custom-width wp-block-button__width-100 has-custom-font-size is-style-fill has-normal-font-size\"><a class=\"wp-block-button__link has-border-color has-dark-background-color has-text-color has-background wp-element-button\" href=\"https:\/\/centredacim.com\/index.php\/peinture-en-technique-academique\/#huile\" style=\"border-style:none;border-width:0px;border-radius:13px;padding-top:var(--wp--preset--spacing--40);padding-right:var(--wp--preset--spacing--40);padding-bottom:var(--wp--preset--spacing--40);padding-left:var(--wp--preset--spacing--40)\"><strong><strong>Peinture \u00e0 l\u2019huile avec l\u2019\u00e9motion<\/strong><\/strong><\/a><\/div>\n<\/div>\n\n\n\n<div class=\"wp-block-buttons is-content-justification-center is-layout-flex wp-container-8 wp-block-buttons-is-layout-flex\" style=\"margin-top:var(--wp--preset--spacing--50);margin-bottom:var(--wp--preset--spacing--50)\">\n<div class=\"wp-block-button has-custom-width wp-block-button__width-100 has-custom-font-size is-style-fill has-normal-font-size\"><a class=\"wp-block-button__link has-border-color has-dark-background-color has-text-color has-background wp-element-button\" href=\"https:\/\/centredacim.com\/index.php\/peinture-en-technique-academique\/#vivant\" style=\"border-style:none;border-width:0px;border-radius:13px;padding-top:var(--wp--preset--spacing--40);padding-right:var(--wp--preset--spacing--40);padding-bottom:var(--wp--preset--spacing--40);padding-left:var(--wp--preset--spacing--40)\"><strong><strong>Cours de mod\u00e8le vivant<\/strong><\/strong><\/a><\/div>\n<\/div>\n<\/div>\n\n\n\n<div class=\"wp-block-column is-layout-constrained wp-block-column-is-layout-constrained\" style=\"padding-top:var(--wp--preset--spacing--50);padding-right:var(--wp--preset--spacing--40);padding-bottom:var(--wp--preset--spacing--50);padding-left:var(--wp--preset--spacing--40)\">\n<p class=\"has-text-align-center has-huge-font-size\"><strong>Art traditionnel cor\u00e9en<\/strong><\/p>\n\n\n\n<div class=\"wp-block-buttons is-content-justification-center is-layout-flex wp-container-10 wp-block-buttons-is-layout-flex\" style=\"margin-top:var(--wp--preset--spacing--60);margin-bottom:var(--wp--preset--spacing--60)\">\n<div class=\"wp-block-button has-custom-width wp-block-button__width-100 has-custom-font-size has-normal-font-size\"><a class=\"wp-block-button__link wp-element-button\" href=\"https:\/\/centredacim.com\/index.php\/art-traditionnel-coreen\/#traditionnelle\" style=\"border-radius:13px;padding-top:var(--wp--preset--spacing--40);padding-right:var(--wp--preset--spacing--40);padding-bottom:var(--wp--preset--spacing--40);padding-left:var(--wp--preset--spacing--40)\"><strong>Calligraphie cor\u00e9enne traditionnelle<\/strong><\/a><\/div>\n<\/div>\n\n\n\n<div class=\"wp-block-buttons is-content-justification-center is-layout-flex wp-container-11 wp-block-buttons-is-layout-flex\" style=\"margin-top:var(--wp--preset--spacing--60);margin-bottom:var(--wp--preset--spacing--60)\">\n<div class=\"wp-block-button has-custom-width wp-block-button__width-100 has-custom-font-size has-normal-font-size\"><a class=\"wp-block-button__link wp-element-button\" href=\"https:\/\/centredacim.com\/index.php\/art-traditionnel-coreen\/#moderne\" style=\"border-radius:13px;padding-top:var(--wp--preset--spacing--40);padding-right:var(--wp--preset--spacing--40);padding-bottom:var(--wp--preset--spacing--40);padding-left:var(--wp--preset--spacing--40)\"><strong>Calligraphie cor\u00e9enne moderne<\/strong><\/a><\/div>\n<\/div>\n\n\n\n<div class=\"wp-block-buttons is-content-justification-center is-layout-flex wp-container-12 wp-block-buttons-is-layout-flex\" style=\"margin-top:var(--wp--preset--spacing--60);margin-bottom:var(--wp--preset--spacing--60)\">\n<div class=\"wp-block-button has-custom-width wp-block-button__width-100 has-custom-font-size has-normal-font-size\"><a class=\"wp-block-button__link wp-element-button\" href=\"https:\/\/centredacim.com\/index.php\/art-traditionnel-coreen\/#sagunja\" style=\"border-radius:13px;padding-top:var(--wp--preset--spacing--40);padding-right:var(--wp--preset--spacing--40);padding-bottom:var(--wp--preset--spacing--40);padding-left:var(--wp--preset--spacing--40)\"><strong><strong>Peinture traditionnelle cor\u00e9enne&nbsp;: Sagunja&nbsp;<\/strong><\/strong><\/a><\/div>\n<\/div>\n\n\n\n<div class=\"wp-block-buttons is-content-justification-center is-layout-flex wp-container-13 wp-block-buttons-is-layout-flex\" style=\"margin-top:var(--wp--preset--spacing--60);margin-bottom:var(--wp--preset--spacing--60)\">\n<div class=\"wp-block-button has-custom-width wp-block-button__width-100 has-custom-font-size has-normal-font-size\"><a class=\"wp-block-button__link wp-element-button\" href=\"https:\/\/centredacim.com\/index.php\/art-traditionnel-coreen\/#muninhwa\" style=\"border-radius:13px;padding-top:var(--wp--preset--spacing--40);padding-right:var(--wp--preset--spacing--40);padding-bottom:var(--wp--preset--spacing--40);padding-left:var(--wp--preset--spacing--40)\"><strong><strong>Peinture de lettr\u00e9s&nbsp;: Muninhwa<\/strong><\/strong><\/a><\/div>\n<\/div>\n\n\n\n<div class=\"wp-block-buttons is-content-justification-center is-layout-flex wp-container-14 wp-block-buttons-is-layout-flex\" style=\"margin-top:var(--wp--preset--spacing--60);margin-bottom:var(--wp--preset--spacing--60)\">\n<div class=\"wp-block-button has-custom-width wp-block-button__width-100 has-custom-font-size has-normal-font-size\"><a class=\"wp-block-button__link wp-element-button\" href=\"https:\/\/centredacim.com\/index.php\/art-traditionnel-coreen\/#minhwa\" style=\"border-radius:13px;padding-top:var(--wp--preset--spacing--40);padding-right:var(--wp--preset--spacing--40);padding-bottom:var(--wp--preset--spacing--40);padding-left:var(--wp--preset--spacing--40)\"><strong>Peinture populaire cor\u00e9enne : Minhwa&nbsp;<\/strong><\/a><\/div>\n<\/div>\n<\/div>\n<\/div>\n\n\n\n<div class=\"wp-block-columns is-layout-flex wp-container-20 wp-block-columns-is-layout-flex\">\n<div class=\"wp-block-column has-font-muted-background-color has-background is-layout-flow wp-block-column-is-layout-flow\" style=\"padding-top:var(--wp--preset--spacing--60);padding-bottom:var(--wp--preset--spacing--60)\">\n<div class=\"wp-block-buttons is-content-justification-center is-layout-flex wp-container-17 wp-block-buttons-is-layout-flex\" style=\"margin-top:var(--wp--preset--spacing--50);margin-bottom:var(--wp--preset--spacing--50)\">\n<div class=\"wp-block-button has-custom-width wp-block-button__width-50 has-custom-font-size has-medium-font-size\"><a class=\"wp-block-button__link has-border-color has-text-color wp-element-button\" href=\"https:\/\/centredacim.com\/index.php\/horaire-et-prix\/\" style=\"border-radius:13px;padding-top:var(--wp--preset--spacing--40);padding-right:var(--wp--preset--spacing--40);padding-bottom:var(--wp--preset--spacing--40);padding-left:var(--wp--preset--spacing--40)\">Horaire et prix<\/a><\/div>\n<\/div>\n\n\n\n<div class=\"wp-block-buttons is-content-justification-center is-layout-flex wp-container-18 wp-block-buttons-is-layout-flex\" style=\"margin-top:var(--wp--preset--spacing--40);margin-bottom:var(--wp--preset--spacing--40)\">\n<div class=\"wp-block-button has-custom-width wp-block-button__width-50 has-custom-font-size has-medium-font-size\"><a class=\"wp-block-button__link wp-element-button\" href=\"https:\/\/centredacim.com\/index.php\/inscription\/\" style=\"border-radius:13px;padding-top:var(--wp--preset--spacing--50);padding-right:var(--wp--preset--spacing--50);padding-bottom:var(--wp--preset--spacing--50);padding-left:var(--wp--preset--spacing--50)\">Inscription<\/a><\/div>\n<\/div>\n<\/div>\n<\/div>\n\n\n\n<div style=\"height:100px\" aria-hidden=\"true\" class=\"wp-block-spacer\"><\/div>\n\n\n\n<div class=\"wp-block-columns is-layout-flex wp-container-23 wp-block-columns-is-layout-flex\">\n<div class=\"wp-block-column has-border-background-color has-background is-layout-flow wp-block-column-is-layout-flow\">\n<p class=\"has-xl-font-size\"><strong>Qui somme nous?<\/strong><\/p>\n\n\n\n<p>Tout comme une fleur qui ne fleurit qu\u2019apr\u00e8s une longue p\u00e9riode d\u2019attente, la fleur de la culture et de l\u2019art, qui fleurit d\u2019innombrables fois au cours des si\u00e8cles, nous guide pour voir le monde avec sa beaut\u00e9 raffin\u00e9e.&nbsp;Gr\u00e2ce \u00e0 ce processus,&nbsp;&#8230;<\/p>\n\n\n\n<div class=\"wp-block-buttons is-layout-flex wp-block-buttons-is-layout-flex\" style=\"margin-top:var(--wp--preset--spacing--20);margin-bottom:var(--wp--preset--spacing--20)\">\n<div class=\"wp-block-button has-custom-width wp-block-button__width-25 is-style-fill\"><a class=\"wp-block-button__link has-border-color has-dark-background-color has-text-color has-background wp-element-button\" href=\"https:\/\/centredacim.com\/index.php\/qui-sommes-nous\/\" style=\"border-style:none;border-width:0px;border-radius:13px;padding-top:var(--wp--preset--spacing--30);padding-right:var(--wp--preset--spacing--30);padding-bottom:var(--wp--preset--spacing--30);padding-left:var(--wp--preset--spacing--30)\">en savoir plus&#8230;<\/a><\/div>\n<\/div>\n<\/div>\n<\/div>\n\n\n\n<div style=\"height:100px\" aria-hidden=\"true\" class=\"wp-block-spacer\"><\/div>\n\n\n\n<div class=\"wp-block-columns has-font-muted-background-color has-background is-layout-flex wp-container-26 wp-block-columns-is-layout-flex\" style=\"margin-top:0;margin-bottom:0;padding-top:var(--wp--preset--spacing--80);padding-right:var(--wp--preset--spacing--30);padding-bottom:var(--wp--preset--spacing--80);padding-left:var(--wp--preset--spacing--30)\">\n<div class=\"wp-block-column is-layout-flow wp-block-column-is-layout-flow\" style=\"padding-top:var(--wp--preset--spacing--40);padding-right:var(--wp--preset--spacing--40);padding-bottom:var(--wp--preset--spacing--40);padding-left:var(--wp--preset--spacing--40)\">\n<figure class=\"wp-block-image size-full is-resized\"><img decoding=\"async\" loading=\"lazy\" src=\"https:\/\/centredacim.com\/wp-content\/uploads\/2023\/09\/Screenshot-2023-09-12-at-5.03.45-AM-1.png\" alt=\"\" class=\"wp-image-463\" style=\"object-fit:contain;width:600px;height:600px\" width=\"600\" height=\"600\" srcset=\"https:\/\/centredacim.com\/wp-content\/uploads\/2023\/09\/Screenshot-2023-09-12-at-5.03.45-AM-1-150x150.png 150w, https:\/\/centredacim.com\/wp-content\/uploads\/2023\/09\/Screenshot-2023-09-12-at-5.03.45-AM-1-800x800.png 800w\" sizes=\"(max-width: 600px) 100vw, 600px\" \/><\/figure>\n<\/div>\n\n\n\n<div class=\"wp-block-column has-background-color has-font-muted-background-color has-text-color has-background is-layout-flow wp-block-column-is-layout-flow\" style=\"padding-top:var(--wp--preset--spacing--40);padding-right:var(--wp--preset--spacing--40);padding-bottom:var(--wp--preset--spacing--40);padding-left:var(--wp--preset--spacing--40)\">\n<p><\/p>\n\n\n\n<p class=\"has-xl-font-size\"><strong>Adresse<\/strong><\/p>\n\n\n\n<p>1022, Rue Jean-Talons O, Montr\u00e9al (Qu\u00e9bec) H3N 1T1<\/p>\n\n\n\n<div style=\"height:100px\" aria-hidden=\"true\" class=\"wp-block-spacer\"><\/div>\n\n\n\n<p class=\"has-xl-font-size\"><strong>Contact<\/strong><\/p>\n\n\n\n<p>info@centredacim.com<\/p>\n\n\n\n<p>514-638-5919<\/p>\n\n\n\n<p class=\"has-normal-font-size\">Lundi au Vendredi \u2013 9 h \u00e0 16h 30h<\/p>\n<\/div>\n<\/div>\n","protected":false},"excerpt":{"rendered":"<p>Peinture en technique acad\u00e9mique Art traditionnel cor\u00e9en Qui somme nous? Tout comme une fleur qui ne fleurit qu\u2019apr\u00e8s une longue<span class=\"more-dots\">&#8230;<\/span><\/p>\n","protected":false},"author":1,"featured_media":0,"parent":0,"menu_order":0,"comment_status":"closed","ping_status":"closed","template":"","meta":{"_monsterinsights_skip_tracking":false,"_monsterinsights_sitenote_active":false,"_monsterinsights_sitenote_note":"","_monsterinsights_sitenote_category":0,"footnotes":""},"aioseo_notices":[],"_links":{"self":[{"href":"https:\/\/centredacim.com\/index.php\/wp-json\/wp\/v2\/pages\/456"}],"collection":[{"href":"https:\/\/centredacim.com\/index.php\/wp-json\/wp\/v2\/pages"}],"about":[{"href":"https:\/\/centredacim.com\/index.php\/wp-json\/wp\/v2\/types\/page"}],"author":[{"embeddable":true,"href":"https:\/\/centredacim.com\/index.php\/wp-json\/wp\/v2\/users\/1"}],"replies":[{"embeddable":true,"href":"https:\/\/centredacim.com\/index.php\/wp-json\/wp\/v2\/comments?post=456"}],"version-history":[{"count":51,"href":"https:\/\/centredacim.com\/index.php\/wp-json\/wp\/v2\/pages\/456\/revisions"}],"predecessor-version":[{"id":655,"href":"https:\/\/centredacim.com\/index.php\/wp-json\/wp\/v2\/pages\/456\/revisions\/655"}],"wp:attachment":[{"href":"https:\/\/centredacim.com\/index.php\/wp-json\/wp\/v2\/media?parent=456"}],"curies":[{"name":"wp","href":"https:\/\/api.w.org\/{rel}","templated":true}]}}