{"id":50,"date":"2023-09-10T05:17:42","date_gmt":"2023-09-10T04:17:42","guid":{"rendered":"https:\/\/centredacim.com\/?page_id=50"},"modified":"2024-01-19T18:15:20","modified_gmt":"2024-01-19T18:15:20","slug":"art-traditionnel-coreen","status":"publish","type":"page","link":"https:\/\/centredacim.com\/index.php\/art-traditionnel-coreen\/","title":{"rendered":"Art traditionnel cor\u00e9en"},"content":{"rendered":"\n<div class=\"wp-block-columns is-layout-flex wp-container-3 wp-block-columns-is-layout-flex\">\n<div class=\"wp-block-column has-border-color has-main-2-background-color has-text-color has-background is-layout-flow wp-block-column-is-layout-flow\" id=\"traditionnelle\">\n<p><\/p>\n\n\n\n<p class=\"has-text-align-center has-xl-font-size\" id=\"cctraditionnelle\"><strong>Calligraphie cor\u00e9enne traditionnelle<\/strong><\/p>\n\n\n\n<p class=\"has-text-align-center has-xl-font-size\">\ud55c\uae00 \uc804\ud1b5 \uc11c\uc608&nbsp;<br>niveaux vari\u00e9s<\/p>\n\n\n\n<p class=\"has-text-align-center\">Une session de 10 semaines \u00e0 partir du 06 F\u00e9vrier 2024 <\/p>\n\n\n\n<p class=\"has-text-align-center\">(une s\u00e9ance\/semaine)<\/p>\n\n\n\n<p class=\"has-text-align-center\">Tous les mardis, de 10h 00 \u00e0 12h 30<br>360$ + 70$ (frais du mat\u00e9riel)<br>Mat\u00e9riel \u00e0 se procurer : Contactez-nous au num\u00e9ro&nbsp;<\/p>\n\n\n\n<p class=\"has-text-align-center\"><strong>514-638-5919<\/strong>&nbsp;pour avoir plus d\u2019informations<\/p>\n\n\n\n<p><\/p>\n<\/div>\n\n\n\n<div class=\"wp-block-column is-layout-flow wp-block-column-is-layout-flow\">\n<figure class=\"wp-block-image size-large\"><img decoding=\"async\" loading=\"lazy\" width=\"756\" height=\"1024\" src=\"https:\/\/centredacim.com\/wp-content\/uploads\/2023\/09\/hjs-756x1024.png\" alt=\"\" class=\"wp-image-410\" srcset=\"https:\/\/centredacim.com\/wp-content\/uploads\/2023\/09\/hjs-756x1024.png 756w, https:\/\/centredacim.com\/wp-content\/uploads\/2023\/09\/hjs-222x300.png 222w, https:\/\/centredacim.com\/wp-content\/uploads\/2023\/09\/hjs-768x1040.png 768w, https:\/\/centredacim.com\/wp-content\/uploads\/2023\/09\/hjs-1135x1536.png 1135w, https:\/\/centredacim.com\/wp-content\/uploads\/2023\/09\/hjs-1513x2048.png 1513w, https:\/\/centredacim.com\/wp-content\/uploads\/2023\/09\/hjs-632x855.png 632w\" sizes=\"(max-width: 756px) 100vw, 756px\" \/><\/figure>\n<\/div>\n<\/div>\n\n\n\n<div style=\"height:100px\" aria-hidden=\"true\" class=\"wp-block-spacer\"><\/div>\n\n\n\n<p>L\u2019excellence de la forme scientifique du Hangeul, invent\u00e9 par le roi Sejong de la dynastie Joseon (ann\u00e9es 1443), a \u00e9t\u00e9 prouv\u00e9e \u00e0 plusieurs reprises, mais l\u2019un des mouvements uniques dans les normes artistiques cor\u00e9ens serait la consid\u00e9ration de la calligraphie comme une discipline artistique.&nbsp;<br>Au Canada, gr\u00e2ce \u00e0 l\u2019influence de la K-pop et du K-drama, le nombre de jeunes qui veulent apprendre le cor\u00e9en augmente. Ici, dans notre centre, vous pouvez trouver des calligraphies qui traitent le Hangeul d\u2019un point de vue artistique.<\/p>\n\n\n\n<p class=\"has-huge-font-size\"><br>Objectifs&nbsp;:&nbsp;<\/p>\n\n\n\n<p><br>On peut distinguer trois styles de calligraphie en&nbsp;hangeul (le style&nbsp;pangboche, honseoche&nbsp;et&nbsp;gungche), Dans ce cours, vous apprendrez la plus belle de toutes, l\u2019\u00e9criture du palais (le style&nbsp;gungche)&nbsp;utilis\u00e9e dans tous les documents transcrits par les lettr\u00e9s vertueux. <\/p>\n\n\n\n<p>L\u2019art de la calligraphie, m\u00eame en Cor\u00e9e, est consid\u00e9r\u00e9 comme un art insuffisamment ma\u00eetris\u00e9, m\u00eame si les artistes mettent g\u00e9n\u00e9ralement plus de 10 ans \u00e0 le peaufiner. <\/p>\n\n\n\n<p>\u00c0 travers ce cours, vous saurez que la calligraphie cor\u00e9enne ne se limite pas \u00e0 l\u2019art d\u2019orner magnifiquement les \u00e9critures cor\u00e9ennes, mais que c\u2019est une fa\u00e7on de la ma\u00eetrise qui aiguise le potentiel de la personne lettr\u00e9e tenant un pinceau et qu\u2019elle vous aidera \u00e0 d\u00e9ployer librement votre \u00e9nergie habile en calligraphie.<\/p>\n\n\n\n<p><br>\u00c0 la fin du cursus du cours de la&nbsp;Calligraphie traditionnelle cor\u00e9enne, vous saurez:<\/p>\n\n\n\n<p><\/p>\n\n\n\n<ul>\n<li>Manier un pinceau et \u00e9crire avec celui-ci&nbsp;<\/li>\n\n\n\n<li>Combiner des voyelles et des consonnes cor\u00e9ennes<\/li>\n\n\n\n<li>\u00c9crire des voyelles cor\u00e9ennes&nbsp;<\/li>\n\n\n\n<li>\u00c9crire des consonnes qui changent la forme en fonction de la position<\/li>\n\n\n\n<li>Composer des mots de deux syllabes et de quatre syllabes<\/li>\n\n\n\n<li>Utiliser les trois styles de calligraphie<\/li>\n<\/ul>\n\n\n\n<div style=\"height:100px\" aria-hidden=\"true\" class=\"wp-block-spacer\"><\/div>\n\n\n\n<div class=\"wp-block-columns is-layout-flex wp-container-6 wp-block-columns-is-layout-flex\">\n<div class=\"wp-block-column has-border-color has-main-2-background-color has-text-color has-background is-layout-flow wp-block-column-is-layout-flow\">\n<div style=\"height:10px\" aria-hidden=\"true\" class=\"wp-block-spacer\"><\/div>\n\n\n\n<p class=\"has-text-align-center has-xl-font-size\" id=\"moderne\"><strong>Calligraphie cor\u00e9enne moderne<\/strong><\/p>\n\n\n\n<p class=\"has-text-align-center has-xl-font-size\">\ud55c\uae00 \ud604\ub300 \uc11c\uc608&nbsp;<br>niveaux vari\u00e9s<\/p>\n\n\n\n<p class=\"has-text-align-center\">Une session de 10 semaines \u00e0 partir du 09 F\u00e9vrier 2024 <\/p>\n\n\n\n<p class=\"has-text-align-center\">(une s\u00e9ance\/semaine)<br>Tous les vendredis, de 10h00 \u00e0 12h30 <\/p>\n\n\n\n<p class=\"has-text-align-center\">360$ + 70$ (frais du mat\u00e9riel)<br>Mat\u00e9riel \u00e0 se procurer : Contactez-nous au num\u00e9ro&nbsp;<\/p>\n\n\n\n<p class=\"has-text-align-center\"><strong>514-638-5919&nbsp;<\/strong>pour avoir plus d\u2019informations.<\/p>\n<\/div>\n\n\n\n<div class=\"wp-block-column is-layout-flow wp-block-column-is-layout-flow\">\n<figure class=\"wp-block-image size-large\"><img decoding=\"async\" loading=\"lazy\" width=\"888\" height=\"1024\" src=\"https:\/\/centredacim.com\/wp-content\/uploads\/2023\/09\/hhs-2-888x1024.png\" alt=\"\" class=\"wp-image-413\" style=\"object-fit:cover\" srcset=\"https:\/\/centredacim.com\/wp-content\/uploads\/2023\/09\/hhs-2-888x1024.png 888w, https:\/\/centredacim.com\/wp-content\/uploads\/2023\/09\/hhs-2-260x300.png 260w, https:\/\/centredacim.com\/wp-content\/uploads\/2023\/09\/hhs-2-768x885.png 768w, https:\/\/centredacim.com\/wp-content\/uploads\/2023\/09\/hhs-2-1332x1536.png 1332w, https:\/\/centredacim.com\/wp-content\/uploads\/2023\/09\/hhs-2-1776x2048.png 1776w, https:\/\/centredacim.com\/wp-content\/uploads\/2023\/09\/hhs-2-742x855.png 742w\" sizes=\"(max-width: 888px) 100vw, 888px\" \/><\/figure>\n<\/div>\n<\/div>\n\n\n\n<div style=\"height:100px\" aria-hidden=\"true\" class=\"wp-block-spacer\"><\/div>\n\n\n\n<p>L\u2019art calligraphique du Hangeul, qui a \u00e9t\u00e9 cr\u00e9\u00e9 il y a environ 600 ans, continue \u00e0 \u00e9voluer vers une police du beau design \u00e0 l\u2019\u00e8re du multim\u00e9dia moderne.&nbsp;M\u00eame \u00e0 cette \u00e9poque o\u00f9 toute l\u2019\u00e9criture manuscrite moderne est en grande partie remplac\u00e9e par l\u2019\u00e9criture manuscrite informatique, la valeur de l\u2019\u00e9criture manuscrite avec sinc\u00e9rit\u00e9 reste in\u00e9gal\u00e9e. Le domaine du design est toujours \u00e0 la recherche d\u2019une nouvelle police, mais vous pourrez r\u00e9pondre \u00e0 cette demande avec votre \u00e9criture unique, la calligraphie moderne.<\/p>\n\n\n\n<p class=\"has-huge-font-size\"><br>Objectif :<\/p>\n\n\n\n<p><br>Malgr\u00e9 l\u2019alternative que cette classe pr\u00e9sente la \u00ab modernisation de la calligraphie traditionnelle cor\u00e9enne \u00bb, un corps de mesure seulement avec un sens moderne et sans source de calligraphie traditionnelle ne peut \u00eatre autre qu\u2019un fruit non nutritif.&nbsp;<br>Par cons\u00e9quent, pendant trois semaines, vous r\u00e9viserez et apprendrez les techniques d\u2019\u00e9criture au trait de la calligraphie traditionnelle, afin de pouvoir les graver dans nos c\u0153urs, nos yeux et nos mains. Apr\u00e8s cela, vous utiliserez diff\u00e9rents mat\u00e9riaux et de nouvelles techniques afin de concevoir des polices.&nbsp;<br>Vous pourrez d\u00e9couvrir qu\u2019au moment o\u00f9 vous observez l\u2019\u0153uvre, la signification du Hangeul, une langue \u00e9trang\u00e8re, vous a \u00e9t\u00e9 transmise \u00e0<br>travers le changement qui accompagne l\u2019image et qui mat\u00e9rialise les lettres de votre \u0153uvre.<\/p>\n\n\n\n<p><br>\u00c0 la fin du cursus du cours de la Calligraphie traditionnelle cor\u00e9enne, les \u00e9tudiants sauront :<\/p>\n\n\n\n<p><\/p>\n\n\n\n<ul>\n<li>Manier un pinceau et \u00e9crire avec celui-ci&nbsp;<\/li>\n\n\n\n<li>Combiner des consonnes et des voyelles dans les mots cor\u00e9ens<\/li>\n\n\n\n<li>\u00c9crire les consonnes qui change la forme en fonction de la position<\/li>\n\n\n\n<li>Se servir d\u2019une m\u00e9thode d\u2019arrangement qui dessine des images li\u00e9es au mot-cl\u00e9 et qui s\u2019harmonise avec les lettres<\/li>\n<\/ul>\n\n\n\n<div style=\"height:100px\" aria-hidden=\"true\" class=\"wp-block-spacer\"><\/div>\n\n\n\n<div class=\"wp-block-columns is-layout-flex wp-container-9 wp-block-columns-is-layout-flex\">\n<div class=\"wp-block-column has-border-color has-main-2-background-color has-text-color has-background is-layout-flow wp-block-column-is-layout-flow\" id=\"ptcs\">\n<p><\/p>\n\n\n\n<p class=\"has-text-align-center has-xl-font-size\"><strong>Peinture traditionnelle cor\u00e9enne&nbsp;: Sagunja&nbsp;<\/strong><\/p>\n\n\n\n<p class=\"has-text-align-center has-xl-font-size\" id=\"sagunja\" style=\"line-height:1.3\">\uc0ac\uad70\uc790&nbsp;<br>niveaux vari\u00e9s<\/p>\n\n\n\n<p class=\"has-text-align-center\">Une session de 10 semaines \u00e0 partir du 09 F\u00e9vrier 2024 <\/p>\n\n\n\n<p class=\"has-text-align-center\">(une s\u00e9ance\/semaine)<\/p>\n\n\n\n<p class=\"has-text-align-center\">Tous les vendredis, de 13h00 \u00e0 15h30<br>360$ + 80$ (frais du mat\u00e9riel)<\/p>\n\n\n\n<p class=\"has-text-align-center\"><br>Mat\u00e9riel \u00e0 se procurer : Contactez-nous au num\u00e9ro&nbsp;<\/p>\n\n\n\n<p class=\"has-text-align-center\"><strong>514-638-5919<\/strong>&nbsp;pour avoir plus d\u2019informations<\/p>\n\n\n\n<p><\/p>\n<\/div>\n\n\n\n<div class=\"wp-block-column is-layout-flow wp-block-column-is-layout-flow\">\n<figure class=\"wp-block-image size-large\"><img decoding=\"async\" loading=\"lazy\" width=\"657\" height=\"1024\" src=\"https:\/\/centredacim.com\/wp-content\/uploads\/2023\/09\/sagunja-1-657x1024.png\" alt=\"\" class=\"wp-image-419\" srcset=\"https:\/\/centredacim.com\/wp-content\/uploads\/2023\/09\/sagunja-1-657x1024.png 657w, https:\/\/centredacim.com\/wp-content\/uploads\/2023\/09\/sagunja-1-192x300.png 192w, https:\/\/centredacim.com\/wp-content\/uploads\/2023\/09\/sagunja-1-768x1197.png 768w, https:\/\/centredacim.com\/wp-content\/uploads\/2023\/09\/sagunja-1-985x1536.png 985w, https:\/\/centredacim.com\/wp-content\/uploads\/2023\/09\/sagunja-1-1314x2048.png 1314w, https:\/\/centredacim.com\/wp-content\/uploads\/2023\/09\/sagunja-1-548x855.png 548w\" sizes=\"(max-width: 657px) 100vw, 657px\" \/><\/figure>\n<\/div>\n<\/div>\n\n\n\n<div style=\"height:100px\" aria-hidden=\"true\" class=\"wp-block-spacer\"><\/div>\n\n\n\n<p>Sagunja est une peinture traditionnelle cor\u00e9enne r\u00e9alis\u00e9e par les artistes vertueux avec les pinceaux cor\u00e9ens et l\u2019encre.&nbsp;<br>Il se compose de quatre \u00e9l\u00e9ments, l\u2019abricotier, l\u2019orchid\u00e9e, le chrysanth\u00e8me et le bambou, \u00e9galement appel\u00e9es \u201cles quatre plantes gracieuses\u201d,&nbsp;ces plantes symbolisent les vertus que les \u00e9rudits devaient avoir&nbsp;autrefois.&nbsp;<br>La ma\u00eetrise du pinceau est non seulement utile pour repr\u00e9senter ces plantes, mais aussi fondamentale pour toute autre peinture traditionnelle.<\/p>\n\n\n\n<p class=\"has-huge-font-size\"><br>Objectifs&nbsp;:<\/p>\n\n\n\n<p><br>Comprendre la nature des quatre plantes gracieuses et apprendre plusieurs techniques attrayantes de peinture.<br>Cette p\u00e9riode de 10 semaines vous permettra, en cette \u00e8re difficile, de comprendre pleinement les qualit\u00e9s que devrait avoir un \u00e9rudit en les<br>comparant aux caract\u00e9ristiques des quatre plantes. Vous serez immerg\u00e9s dans la fascination de la peinture et de ses diff\u00e9rentes techniques.&nbsp;<br>\u00c0 la fin de la session, vous vous rendrez compte que vous avez ouvert la porte des peintures litt\u00e9raires et paysag\u00e8res d\u2019un niveau sup\u00e9rieur.<\/p>\n\n\n\n<p><br>\u00c0 la fin du cursus du cours de&nbsp;Sagunja \uc0ac\uad70\uc790, les \u00e9tudiants sauront&nbsp;:<\/p>\n\n\n\n<p><\/p>\n\n\n\n<ul>\n<li>Contr\u00f4ler le ton de l\u2019encre<\/li>\n\n\n\n<li>Manier le pinceau et tracer des traits calligraphiques avec celui-ci<\/li>\n\n\n\n<li>Repr\u00e9senter les feuilles et les fleurs de l\u2019orchid\u00e9e<\/li>\n\n\n\n<li>Peindre le chrysanth\u00e8me sauvage, le chrysanth\u00e8me \u00e9lanc\u00e9 et le grand chrysanth\u00e8me tout en les distinguant<\/li>\n\n\n\n<li>Repr\u00e9senter l\u2019abricotier givr\u00e9<\/li>\n\n\n\n<li>Repr\u00e9senter distinctement le bambou droit et le bambou au jour venteux<\/li>\n<\/ul>\n\n\n\n<div style=\"height:100px\" aria-hidden=\"true\" class=\"wp-block-spacer\"><\/div>\n\n\n\n<div class=\"wp-block-columns is-layout-flex wp-container-12 wp-block-columns-is-layout-flex\">\n<div class=\"wp-block-column has-border-color has-main-2-background-color has-text-color has-background is-layout-flow wp-block-column-is-layout-flow\" id=\"plm\">\n<p id=\"muninhwa\"><\/p>\n\n\n\n<p class=\"has-text-align-center has-xl-font-size\"><strong>Peinture de lettr\u00e9s&nbsp;: Muninhwa&nbsp;<\/strong><\/p>\n\n\n\n<p class=\"has-text-align-center has-xl-font-size\" style=\"line-height:0\">\ubb38\uc778\ud654&nbsp;<\/p>\n\n\n\n<p class=\"has-text-align-center has-xl-font-size\" style=\"line-height:0\">niveau avanc\u00e9<\/p>\n\n\n\n<p class=\"has-text-align-center\">Une session de 10 semaines \u00e0 partir du 06 F\u00e9vrier 2024 <\/p>\n\n\n\n<p class=\"has-text-align-center\">(une s\u00e9ance\/semaine)<br>Tous les mardis, de 13h00 \u00e0 15h30<br>360$ + 80$ (frais du mat\u00e9riel)<\/p>\n\n\n\n<p class=\"has-text-align-center\"><br>Mat\u00e9riel \u00e0 se procurer : Contactez-nous au num\u00e9ro&nbsp;<\/p>\n\n\n\n<p class=\"has-text-align-center\"><strong>514-638-5919&nbsp;<\/strong>pour avoir plus d\u2019informations<\/p>\n<\/div>\n\n\n\n<div class=\"wp-block-column is-layout-flow wp-block-column-is-layout-flow\">\n<figure class=\"wp-block-image size-large\"><img decoding=\"async\" loading=\"lazy\" width=\"797\" height=\"1024\" src=\"https:\/\/centredacim.com\/wp-content\/uploads\/2023\/09\/muninhwa-coq-1-797x1024.png\" alt=\"\" class=\"wp-image-428\" srcset=\"https:\/\/centredacim.com\/wp-content\/uploads\/2023\/09\/muninhwa-coq-1-797x1024.png 797w, https:\/\/centredacim.com\/wp-content\/uploads\/2023\/09\/muninhwa-coq-1-234x300.png 234w, https:\/\/centredacim.com\/wp-content\/uploads\/2023\/09\/muninhwa-coq-1-768x987.png 768w, https:\/\/centredacim.com\/wp-content\/uploads\/2023\/09\/muninhwa-coq-1-666x855.png 666w, https:\/\/centredacim.com\/wp-content\/uploads\/2023\/09\/muninhwa-coq-1.png 864w\" sizes=\"(max-width: 797px) 100vw, 797px\" \/><\/figure>\n<\/div>\n<\/div>\n\n\n\n<div style=\"height:100px\" aria-hidden=\"true\" class=\"wp-block-spacer\"><\/div>\n\n\n\n<p>Les artistes de Muninhwa doivent ma\u00eetriser les trois domaines&nbsp;: la peinture, la po\u00e9sie et la calligraphie.<br>En effet, Muninhwa est un art lettr\u00e9 appr\u00e9ci\u00e9 par les hommes de la classe dirigeante, qui r\u00e9digeaient des documents en calligraphie.<br>\u00c0 cet \u00e9gard, ces \u0153uvres sont consid\u00e9r\u00e9es comme de la calligraphie picturale plut\u00f4t que de la peinture.<\/p>\n\n\n\n<p class=\"has-huge-font-size\"><br>Objectifs&nbsp;:<\/p>\n\n\n\n<p><br>Ce cours est surtout ax\u00e9 sur la peinture. Vous n\u2019avez pas besoin de conna\u00eetre la calligraphie pour participer \u00e0 ce cours. Cependant, si vous avez appris les bases de la man\u0153uvre du pinceau \u00e0 travers les quatre plantes gracieuses, vous \u00eates pr\u00eats \u00e0 aller plus loin et peindre plus de fleurs et d\u2019arbres de diff\u00e9rentes mani\u00e8res.&nbsp;<br>De plus, gr\u00e2ce \u00e0 ce cours, non seulement vous apprendrez \u00e0 repr\u00e9senter des plantes immobiles, mais vous serez aussi capables de peindre le mouvement des oiseaux dans la nature, qui s\u2019harmonisent avec les fleurs.<br>\u00c0 la fin du cursus du cours de&nbsp;Muninhwa&nbsp;\ubb38\uc778\ud654, les \u00e9tudiants seront en mesure de peindre &nbsp;:<\/p>\n\n\n\n<p><\/p>\n\n\n\n<ul>\n<li>Le raisin<\/li>\n\n\n\n<li>Le lotus et l\u2019oie<\/li>\n\n\n\n<li>Le pin<\/li>\n\n\n\n<li>Le kaki<\/li>\n\n\n\n<li>Le paysage en gros plan avec des pin<\/li>\n\n\n\n<li>L\u2019amarante<\/li>\n\n\n\n<li>Le coq, qui symbolise la richesse<\/li>\n<\/ul>\n\n\n\n<div style=\"height:100px\" aria-hidden=\"true\" class=\"wp-block-spacer\"><\/div>\n\n\n\n<div class=\"wp-block-columns is-layout-flex wp-container-15 wp-block-columns-is-layout-flex\">\n<div class=\"wp-block-column has-border-color has-main-2-background-color has-text-color has-background is-layout-flow wp-block-column-is-layout-flow\" id=\"ppcm\">\n<p id=\"minhwa\"><\/p>\n\n\n\n<p class=\"has-text-align-center has-xl-font-size\"><strong>Peinture populaire cor\u00e9enne : Minhwa&nbsp;<\/strong><\/p>\n\n\n\n<p class=\"has-text-align-center has-xl-font-size\">\ubbfc\ud654&nbsp;<br>niveaux multiples<\/p>\n\n\n\n<p class=\"has-text-align-center\">Une session de 10 semaines \u00e0 partir du 06 F\u00e9vrier 2024 <\/p>\n\n\n\n<p class=\"has-text-align-center\">(une s\u00e9ance\/semaine)<br>Tous les mardis, de 16h00 \u00e0 18h30<br>360$ + 80$ (frais du mat\u00e9riel)<\/p>\n\n\n\n<p class=\"has-text-align-center\"><br>Mat\u00e9riel \u00e0 se procurer : Contactez-nous au num\u00e9ro&nbsp;<\/p>\n\n\n\n<p class=\"has-text-align-center\"><strong>514-638-5919<\/strong>&nbsp;pour avoir plus d\u2019informations<\/p>\n<\/div>\n\n\n\n<div class=\"wp-block-column is-layout-flow wp-block-column-is-layout-flow\">\n<figure class=\"wp-block-image size-large\"><img decoding=\"async\" loading=\"lazy\" width=\"757\" height=\"1024\" src=\"https:\/\/centredacim.com\/wp-content\/uploads\/2023\/09\/minwha-757x1024.png\" alt=\"\" class=\"wp-image-427\" srcset=\"https:\/\/centredacim.com\/wp-content\/uploads\/2023\/09\/minwha-757x1024.png 757w, https:\/\/centredacim.com\/wp-content\/uploads\/2023\/09\/minwha-222x300.png 222w, https:\/\/centredacim.com\/wp-content\/uploads\/2023\/09\/minwha-768x1039.png 768w, https:\/\/centredacim.com\/wp-content\/uploads\/2023\/09\/minwha-1135x1536.png 1135w, https:\/\/centredacim.com\/wp-content\/uploads\/2023\/09\/minwha-1514x2048.png 1514w, https:\/\/centredacim.com\/wp-content\/uploads\/2023\/09\/minwha-632x855.png 632w\" sizes=\"(max-width: 757px) 100vw, 757px\" \/><\/figure>\n<\/div>\n<\/div>\n\n\n\n<div style=\"height:100px\" aria-hidden=\"true\" class=\"wp-block-spacer\"><\/div>\n\n\n\n<p>Les peintures de Minhwa sont r\u00e9alis\u00e9es par des peintres professionnels. <\/p>\n\n\n\n<p>Ces \u0153uvres se caract\u00e9risent par les belles cinq couleurs de l\u2019Obangsaek qui remplit les contours noirs.<br>Chacun des \u00e9l\u00e9ments repr\u00e9sent\u00e9s sur le tableau ont un symbole sp\u00e9cifique.&nbsp;<br>Au-del\u00e0 de la fonction d\u00e9corative, les Cor\u00e9ens pensaient que la peinture avait des pouvoirs chamaniques qui leur permettaient d\u2019\u00e9loigner les mauvais esprits et d\u2019apporter la prosp\u00e9rit\u00e9 et le bonheur.<\/p>\n\n\n\n<p class=\"has-huge-font-size\"><br>Objectifs&nbsp;:&nbsp;<\/p>\n\n\n\n<p><br>Au fur et \u00e0 mesure que vous apprendrez ce type de tableau, vous en tomberez amoureux gr\u00e2ce au processus de coloration qui rend votre cr\u00e9ature vivante dans ses lignes d\u00e9licates mais discr\u00e8tes.&nbsp;<br>De plus, avec seulement 10 cours de la premi\u00e8re session, vous serez fiers de votre am\u00e9lioration.<\/p>\n\n\n\n<p><br>\u00c0 la fin du cursus du cours de&nbsp;Minhwa \ubbfc\ud654, les \u00e9tudiants apprendront \u00e0&nbsp;:<\/p>\n\n\n\n<ul>\n<li>Contr\u00f4ler le ton de l\u2019encre<\/li>\n\n\n\n<li>Peindre la pie et le tigre<\/li>\n\n\n\n<li>Repr\u00e9senter la pivoine<\/li>\n\n\n\n<li>Peindre le lotus<\/li>\n\n\n\n<li>D\u00e9crire l\u2019\u00e9tag\u00e8re avec les objets des lettr\u00e9s<\/li>\n\n\n\n<li>Repr\u00e9senter la past\u00e8que et les mulots<\/li>\n<\/ul>\n\n\n\n<div style=\"height:100px\" aria-hidden=\"true\" class=\"wp-block-spacer\"><\/div>\n\n\n\n<div class=\"wp-block-columns has-background is-layout-flex wp-container-17 wp-block-columns-is-layout-flex\" style=\"background-color:#fee4e8\">\n<div class=\"wp-block-column is-layout-flow wp-block-column-is-layout-flow\">\n<p><\/p>\n\n\n\n<p class=\"has-text-align-center has-main-2-color has-text-color has-huge-font-size\">\u00ab&nbsp;Jours f\u00e9ri\u00e9s &amp; P\u00e9riode de vacances&nbsp;\u00bb<\/p>\n\n\n\n<p class=\"has-text-align-center has-font-color has-text-color has-normal-font-size\" style=\"line-height:1.5\"><br>Vendredi Saint: vendredi, 29 mars 2024\u00a0\u00a0<\/p>\n\n\n\n<p class=\"has-text-align-center\">Lundi de P\u00e2ques: lundi, 1er avril 2024<\/p>\n\n\n\n<p class=\"has-text-align-center\">Journ\u00e9e nationale des patriotes\u00a0: 20 mai 2024<\/p>\n\n\n\n<p class=\"has-text-align-center\">F\u00eate nationale du Qu\u00e9bec (Saint-Jean-Baptiste)\u00a0: 24 juin 2024<\/p>\n\n\n\n<p class=\"has-text-align-center\">F\u00eate du Canada\u00a0: 1<sup>er<\/sup> juillet 2024<\/p>\n\n\n\n<p class=\"has-text-align-center\">P\u00e9riode de vacances d\u2019\u00e9t\u00e9\u00a0: du 22 juillet au 5 ao\u00fbt 2024<\/p>\n\n\n\n<p class=\"has-text-align-center\"><\/p>\n\n\n\n<p><\/p>\n<\/div>\n<\/div>\n\n\n\n<p><\/p>\n","protected":false},"excerpt":{"rendered":"<p>Calligraphie cor\u00e9enne traditionnelle \ud55c\uae00 \uc804\ud1b5 \uc11c\uc608&nbsp;niveaux vari\u00e9s Une session de 10 semaines \u00e0 partir du 06 F\u00e9vrier 2024 (une s\u00e9ance\/semaine)<span class=\"more-dots\">&#8230;<\/span><\/p>\n","protected":false},"author":1,"featured_media":0,"parent":0,"menu_order":0,"comment_status":"closed","ping_status":"closed","template":"","meta":{"_monsterinsights_skip_tracking":false,"_monsterinsights_sitenote_active":false,"_monsterinsights_sitenote_note":"","_monsterinsights_sitenote_category":0,"footnotes":""},"aioseo_notices":[],"_links":{"self":[{"href":"https:\/\/centredacim.com\/index.php\/wp-json\/wp\/v2\/pages\/50"}],"collection":[{"href":"https:\/\/centredacim.com\/index.php\/wp-json\/wp\/v2\/pages"}],"about":[{"href":"https:\/\/centredacim.com\/index.php\/wp-json\/wp\/v2\/types\/page"}],"author":[{"embeddable":true,"href":"https:\/\/centredacim.com\/index.php\/wp-json\/wp\/v2\/users\/1"}],"replies":[{"embeddable":true,"href":"https:\/\/centredacim.com\/index.php\/wp-json\/wp\/v2\/comments?post=50"}],"version-history":[{"count":26,"href":"https:\/\/centredacim.com\/index.php\/wp-json\/wp\/v2\/pages\/50\/revisions"}],"predecessor-version":[{"id":648,"href":"https:\/\/centredacim.com\/index.php\/wp-json\/wp\/v2\/pages\/50\/revisions\/648"}],"wp:attachment":[{"href":"https:\/\/centredacim.com\/index.php\/wp-json\/wp\/v2\/media?parent=50"}],"curies":[{"name":"wp","href":"https:\/\/api.w.org\/{rel}","templated":true}]}}