{"id":56,"date":"2023-09-10T05:18:14","date_gmt":"2023-09-10T04:18:14","guid":{"rendered":"https:\/\/centredacim.com\/?page_id=56"},"modified":"2023-09-12T21:31:25","modified_gmt":"2023-09-12T20:31:25","slug":"inscription","status":"publish","type":"page","link":"https:\/\/centredacim.com\/index.php\/inscription\/","title":{"rendered":"Inscription"},"content":{"rendered":"\n<p><\/p>\n\n\n\n<div class=\"wp-block-group is-layout-constrained wp-block-group-is-layout-constrained\"><style id=\"wpforms-css-vars-root\">\n\t\t\t\t:root {\n\t\t\t\t\t--wpforms-field-border-radius: 3px;\n--wpforms-field-background-color: #ffffff;\n--wpforms-field-border-color: rgba( 0, 0, 0, 0.25 );\n--wpforms-field-text-color: rgba( 0, 0, 0, 0.7 );\n--wpforms-label-color: rgba( 0, 0, 0, 0.85 );\n--wpforms-label-sublabel-color: rgba( 0, 0, 0, 0.55 );\n--wpforms-label-error-color: #d63637;\n--wpforms-button-border-radius: 3px;\n--wpforms-button-background-color: #066aab;\n--wpforms-button-text-color: #ffffff;\n--wpforms-field-size-input-height: 43px;\n--wpforms-field-size-input-spacing: 15px;\n--wpforms-field-size-font-size: 16px;\n--wpforms-field-size-line-height: 19px;\n--wpforms-field-size-padding-h: 14px;\n--wpforms-field-size-checkbox-size: 16px;\n--wpforms-field-size-sublabel-spacing: 5px;\n--wpforms-field-size-icon-size: 1;\n--wpforms-label-size-font-size: 16px;\n--wpforms-label-size-line-height: 19px;\n--wpforms-label-size-sublabel-font-size: 14px;\n--wpforms-label-size-sublabel-line-height: 17px;\n--wpforms-button-size-font-size: 17px;\n--wpforms-button-size-height: 41px;\n--wpforms-button-size-padding-h: 15px;\n--wpforms-button-size-margin-top: 10px;\n\n\t\t\t\t}\n\t\t\t<\/style><div class=\"wpforms-container wpforms-container-full wpforms-block wpforms-block-8a3ef5b5-c1a2-43b2-bdfb-cc4781caa836 wpforms-render-modern\" id=\"wpforms-204\"><form id=\"wpforms-form-204\" class=\"wpforms-validate wpforms-form wpforms-ajax-form\" data-formid=\"204\" method=\"post\" enctype=\"multipart\/form-data\" action=\"\/index.php\/wp-json\/wp\/v2\/pages\/56\" data-token=\"e45d9e78bec8b9363d90b71e8dbf7a99\"><noscript class=\"wpforms-error-noscript\">Please enable JavaScript in your browser to complete this form.<\/noscript><div class=\"wpforms-hidden\" id=\"wpforms-error-noscript\">Please enable JavaScript in your browser to complete this form.<\/div><div class=\"wpforms-field-container\"><div id=\"wpforms-204-field_8-container\" class=\"wpforms-field wpforms-field-name\" data-field-id=\"8\"><label class=\"wpforms-field-label\" for=\"wpforms-204-field_8\">Pr\u00e9nom\u00a0* <span class=\"wpforms-required-label\" aria-hidden=\"true\">*<\/span><\/label><input type=\"text\" id=\"wpforms-204-field_8\" class=\"wpforms-field-medium wpforms-field-required\" name=\"wpforms[fields][8]\" aria-errormessage=\"wpforms-204-field_8-error\" required><\/div><div id=\"wpforms-204-field_9-container\" class=\"wpforms-field wpforms-field-name\" data-field-id=\"9\"><label class=\"wpforms-field-label\" for=\"wpforms-204-field_9\">Nom de famille <span class=\"wpforms-required-label\" aria-hidden=\"true\">*<\/span><\/label><input type=\"text\" id=\"wpforms-204-field_9\" class=\"wpforms-field-medium wpforms-field-required\" name=\"wpforms[fields][9]\" aria-errormessage=\"wpforms-204-field_9-error\" required><\/div><div id=\"wpforms-204-field_10-container\" class=\"wpforms-field wpforms-field-number\" data-field-id=\"10\"><label class=\"wpforms-field-label\" for=\"wpforms-204-field_10\">T\u00e9l\u00e9phone\u00a0*<\/label><input type=\"number\" pattern=\"\\d*\" id=\"wpforms-204-field_10\" class=\"wpforms-field-medium\" name=\"wpforms[fields][10]\" aria-errormessage=\"wpforms-204-field_10-error\" ><\/div><div id=\"wpforms-204-field_1-container\" class=\"wpforms-field wpforms-field-email\" data-field-id=\"1\"><label class=\"wpforms-field-label\" for=\"wpforms-204-field_1\">Courriel\u00a0 <span class=\"wpforms-required-label\" aria-hidden=\"true\">*<\/span><\/label><input type=\"email\" id=\"wpforms-204-field_1\" class=\"wpforms-field-large wpforms-field-required\" name=\"wpforms[fields][1]\" spellcheck=\"false\" aria-errormessage=\"wpforms-204-field_1-error\" required><\/div><div id=\"wpforms-204-field_11-container\" class=\"wpforms-field wpforms-field-select wpforms-field-select-style-classic\" data-field-id=\"11\"><label class=\"wpforms-field-label\" for=\"wpforms-204-field_11\">Comment avez-vous entendu parler de l\u2019ACIM <span class=\"wpforms-required-label\" aria-hidden=\"true\">*<\/span><\/label><select id=\"wpforms-204-field_11\" class=\"wpforms-field-medium wpforms-field-required\" name=\"wpforms[fields][11]\" required=\"required\"><option value=\"\" class=\"placeholder\" disabled  selected='selected'>SVP faire un shoix<\/option><option value=\"Google\" >Google<\/option><option value=\"Instagram\" >Instagram<\/option><option value=\"Facebook\" >Facebook<\/option><option value=\"R\u00e9f\u00e9rence\" >R\u00e9f\u00e9rence<\/option><option value=\"D\u00e9j\u00e0 \u00c9tudiant\" >D\u00e9j\u00e0 \u00c9tudiant<\/option><option value=\"Autre\" >Autre<\/option><\/select><\/div><div id=\"wpforms-204-field_13-container\" class=\"wpforms-field wpforms-field-text\" data-field-id=\"13\"><label class=\"wpforms-field-label\" for=\"wpforms-204-field_13\">\u00c0 quelle date souhaitez-vous commencer ? (aaaa\/mm\/jj)\u00a0 <span class=\"wpforms-required-label\" aria-hidden=\"true\">*<\/span><\/label><input type=\"text\" id=\"wpforms-204-field_13\" class=\"wpforms-field-medium wpforms-field-required\" name=\"wpforms[fields][13]\" aria-errormessage=\"wpforms-204-field_13-error\" required><\/div><div id=\"wpforms-204-field_14-container\" class=\"wpforms-field wpforms-field-radio\" data-field-id=\"14\"><fieldset><legend class=\"wpforms-field-label\">S\u00e9lectionnez le cours d\u2019art r\u00e9gulier qui vous int\u00e9resse!\u00a0 <span class=\"wpforms-required-label\" aria-hidden=\"true\">*<\/span><\/legend><ul id=\"wpforms-204-field_14\" class=\"wpforms-field-required\"><li class=\"choice-1 depth-1\"><input type=\"radio\" id=\"wpforms-204-field_14_1\" name=\"wpforms[fields][14]\" value=\"Mardi 10h00 \u2013 12h30 \u00ab Calligraphie cor\u00e9enne traditionnelle \u00bb Joanne LIM (+360$)\" aria-errormessage=\"wpforms-204-field_14_1-error\" required ><label class=\"wpforms-field-label-inline\" for=\"wpforms-204-field_14_1\">Mardi 10h00 \u2013 12h30 \u00ab Calligraphie cor\u00e9enne traditionnelle \u00bb Joanne LIM (+360$)<\/label><\/li><li class=\"choice-2 depth-1\"><input type=\"radio\" id=\"wpforms-204-field_14_2\" name=\"wpforms[fields][14]\" value=\"Mardi 13h00 \u2013 15h30 \u00ab Peinture aquarelle \u00bb Hwan KIM (+360$)\" aria-errormessage=\"wpforms-204-field_14_2-error\" required ><label class=\"wpforms-field-label-inline\" for=\"wpforms-204-field_14_2\">Mardi 13h00 \u2013 15h30 \u00ab Peinture aquarelle \u00bb Hwan KIM (+360$)<\/label><\/li><li class=\"choice-3 depth-1\"><input type=\"radio\" id=\"wpforms-204-field_14_3\" name=\"wpforms[fields][14]\" value=\"Mardi 13h00 \u2013 15h30 \u00ab Peinture de lettr\u00e9s \u2013 Muninwha \u00bb Joanne LIM (+360$)\" aria-errormessage=\"wpforms-204-field_14_3-error\" required ><label class=\"wpforms-field-label-inline\" for=\"wpforms-204-field_14_3\">Mardi 13h00 \u2013 15h30 \u00ab Peinture de lettr\u00e9s \u2013 Muninwha \u00bb Joanne LIM (+360$)<\/label><\/li><li class=\"choice-4 depth-1\"><input type=\"radio\" id=\"wpforms-204-field_14_4\" name=\"wpforms[fields][14]\" value=\"Mardi 16h00 \u2013 18h30 \u00ab Peinture populaire cor\u00e9enne \u2013 Minhwa \u00bb Yong Soon WANG (+360$)\" aria-errormessage=\"wpforms-204-field_14_4-error\" required ><label class=\"wpforms-field-label-inline\" for=\"wpforms-204-field_14_4\">Mardi 16h00 \u2013 18h30 \u00ab Peinture populaire cor\u00e9enne \u2013 Minhwa \u00bb Yong Soon WANG (+360$)<\/label><\/li><li class=\"choice-5 depth-1\"><input type=\"radio\" id=\"wpforms-204-field_14_5\" name=\"wpforms[fields][14]\" value=\"Mardi 17h30 \u2013 20h00 \u00ab Dessin \u2013 II \u00bb Hwan KIM (+360$)\" aria-errormessage=\"wpforms-204-field_14_5-error\" required ><label class=\"wpforms-field-label-inline\" for=\"wpforms-204-field_14_5\">Mardi 17h30 \u2013 20h00 \u00ab Dessin \u2013 II \u00bb Hwan KIM (+360$)<\/label><\/li><li class=\"choice-6 depth-1\"><input type=\"radio\" id=\"wpforms-204-field_14_6\" name=\"wpforms[fields][14]\" value=\"Mercredi 18h00 \u2013 20h30 \u00ab Peinture acrylique \u00bb Hwan KIM (+360$)\" aria-errormessage=\"wpforms-204-field_14_6-error\" required ><label class=\"wpforms-field-label-inline\" for=\"wpforms-204-field_14_6\">Mercredi 18h00 \u2013 20h30 \u00ab Peinture acrylique \u00bb Hwan KIM (+360$)<\/label><\/li><li class=\"choice-7 depth-1\"><input type=\"radio\" id=\"wpforms-204-field_14_7\" name=\"wpforms[fields][14]\" value=\"Vendredi 10h00 \u2013 12h30 \u00ab Dessin \u2013 II \u00bb Hwan KIM (+330$)\" aria-errormessage=\"wpforms-204-field_14_7-error\" required ><label class=\"wpforms-field-label-inline\" for=\"wpforms-204-field_14_7\">Vendredi 10h00 \u2013 12h30 \u00ab Dessin \u2013 II \u00bb Hwan KIM (+330$)<\/label><\/li><li class=\"choice-8 depth-1\"><input type=\"radio\" id=\"wpforms-204-field_14_8\" name=\"wpforms[fields][14]\" value=\"Vendredi 10h00 \u2013 12h30 \u00ab Calligraphie cor\u00e9enne moderne \u00bb Joanne LIM (+360$)\" aria-errormessage=\"wpforms-204-field_14_8-error\" required ><label class=\"wpforms-field-label-inline\" for=\"wpforms-204-field_14_8\">Vendredi 10h00 \u2013 12h30 \u00ab Calligraphie cor\u00e9enne moderne \u00bb Joanne LIM (+360$)<\/label><\/li><li class=\"choice-9 depth-1\"><input type=\"radio\" id=\"wpforms-204-field_14_9\" name=\"wpforms[fields][14]\" value=\"Vendredi 13h00 \u2013 15h30 \u00ab Peinture traditionnelle cor\u00e9enne-Sagunja \u00bb Joanne LIM (+360$)\" aria-errormessage=\"wpforms-204-field_14_9-error\" required ><label class=\"wpforms-field-label-inline\" for=\"wpforms-204-field_14_9\">Vendredi 13h00 \u2013 15h30 \u00ab Peinture traditionnelle cor\u00e9enne-Sagunja \u00bb Joanne LIM (+360$)<\/label><\/li><li class=\"choice-10 depth-1\"><input type=\"radio\" id=\"wpforms-204-field_14_10\" name=\"wpforms[fields][14]\" value=\"Vendredi 17h30 \u2013 20h00 \u00ab Peinture \u00e0 l\u2019huille \u00bb Hwan KIM (+360$)\" aria-errormessage=\"wpforms-204-field_14_10-error\" required ><label class=\"wpforms-field-label-inline\" for=\"wpforms-204-field_14_10\">Vendredi 17h30 \u2013 20h00 \u00ab Peinture \u00e0 l\u2019huille \u00bb Hwan KIM (+360$)<\/label><\/li><li class=\"choice-11 depth-1\"><input type=\"radio\" id=\"wpforms-204-field_14_11\" name=\"wpforms[fields][14]\" value=\"Samedi 9h00 \u2013 12h00 \u00ab Cours de mod\u00e8le vivant \u00bb Hwan KIM (+450$)\" aria-errormessage=\"wpforms-204-field_14_11-error\" required ><label class=\"wpforms-field-label-inline\" for=\"wpforms-204-field_14_11\">Samedi 9h00 \u2013 12h00 \u00ab Cours de mod\u00e8le vivant \u00bb Hwan KIM (+450$)<\/label><\/li><\/ul><\/fieldset><\/div><\/div><!-- .wpforms-field-container --><div class=\"wpforms-submit-container\" ><input type=\"hidden\" name=\"wpforms[id]\" value=\"204\"><input type=\"hidden\" name=\"wpforms[author]\" value=\"1\"><button type=\"submit\" name=\"wpforms[submit]\" id=\"wpforms-submit-204\" class=\"wpforms-submit\" data-alt-text=\"Envoi en cours...\" data-submit-text=\"Soumettre\" aria-live=\"assertive\" value=\"wpforms-submit\">Soumettre<\/button><img decoding=\"async\" loading=\"lazy\" src=\"https:\/\/centredacim.com\/wp-content\/plugins\/wpforms-lite\/assets\/images\/submit-spin.svg\" class=\"wpforms-submit-spinner\" style=\"display: none;\" width=\"26\" height=\"26\" alt=\"Loading\"><\/div><\/form><\/div>  <!-- .wpforms-container --><\/div>\n\n\n\n<div style=\"height:100px\" aria-hidden=\"true\" class=\"wp-block-spacer\"><\/div>\n\n\n\n<p class=\"has-text-align-center has-main-color has-text-color has-huge-font-size\">* <strong>Chaque programme ne peut \u00eatre s\u00e9lectionn\u00e9 qu&#8217;un par un.<br>Merci de le remplir \u00e0 nouveau lors de votre inscription au deuxi\u00e8me programme pour la m\u00eame session<\/strong>*<\/p>\n\n\n\n<div style=\"height:100px\" aria-hidden=\"true\" class=\"wp-block-spacer\"><\/div>\n\n\n\n<p><\/p>\n\n\n\n<p class=\"has-main-4-color has-text-color has-xl-font-size\"><strong>Mode de paiement<\/strong><\/p>\n\n\n\n<p><br>Un acompte non remboursable au montant de $30,00 devra \u00eatre vers\u00e9 avant 4 jours (96 heures) pour r\u00e9server votre place.&nbsp;<\/p>\n\n\n\n<ul>\n<li>Carte de cr\u00e9dit&nbsp;&nbsp;<\/li>\n\n\n\n<li>E-transfer&nbsp;<\/li>\n\n\n\n<li>Comptant ou d\u00e9bit \u00e0 payer au Centre (sur place)<br><\/li>\n<\/ul>\n\n\n\n<div style=\"height:100px\" aria-hidden=\"true\" class=\"wp-block-spacer\"><\/div>\n\n\n\n<p class=\"has-main-2-color has-text-color has-xl-font-size\"><strong>Politique de remboursement<\/strong><\/p>\n\n\n\n<ul>\n<li>Il est possible pour l\u2019\u00e9tudiant d\u2019annuler son inscription dans les 7 jours suivant le premier atelier de la session.&nbsp;<\/li>\n\n\n\n<li>Le remboursement des 9 cours restants pourra \u00eatre effectu\u00e9.<\/li>\n<\/ul>\n\n\n\n<div style=\"height:100px\" aria-hidden=\"true\" class=\"wp-block-spacer\"><\/div>\n","protected":false},"excerpt":{"rendered":"<p>* Chaque programme ne peut \u00eatre s\u00e9lectionn\u00e9 qu&#8217;un par un.Merci de le remplir \u00e0 nouveau lors de votre inscription au<span class=\"more-dots\">&#8230;<\/span><\/p>\n","protected":false},"author":1,"featured_media":0,"parent":0,"menu_order":0,"comment_status":"closed","ping_status":"closed","template":"","meta":{"_monsterinsights_skip_tracking":false,"_monsterinsights_sitenote_active":false,"_monsterinsights_sitenote_note":"","_monsterinsights_sitenote_category":0,"footnotes":""},"aioseo_notices":[],"_links":{"self":[{"href":"https:\/\/centredacim.com\/index.php\/wp-json\/wp\/v2\/pages\/56"}],"collection":[{"href":"https:\/\/centredacim.com\/index.php\/wp-json\/wp\/v2\/pages"}],"about":[{"href":"https:\/\/centredacim.com\/index.php\/wp-json\/wp\/v2\/types\/page"}],"author":[{"embeddable":true,"href":"https:\/\/centredacim.com\/index.php\/wp-json\/wp\/v2\/users\/1"}],"replies":[{"embeddable":true,"href":"https:\/\/centredacim.com\/index.php\/wp-json\/wp\/v2\/comments?post=56"}],"version-history":[{"count":8,"href":"https:\/\/centredacim.com\/index.php\/wp-json\/wp\/v2\/pages\/56\/revisions"}],"predecessor-version":[{"id":545,"href":"https:\/\/centredacim.com\/index.php\/wp-json\/wp\/v2\/pages\/56\/revisions\/545"}],"wp:attachment":[{"href":"https:\/\/centredacim.com\/index.php\/wp-json\/wp\/v2\/media?parent=56"}],"curies":[{"name":"wp","href":"https:\/\/api.w.org\/{rel}","templated":true}]}}