{"id":58,"date":"2023-09-10T05:19:15","date_gmt":"2023-09-10T04:19:15","guid":{"rendered":"https:\/\/centredacim.com\/?page_id=58"},"modified":"2023-09-14T22:03:30","modified_gmt":"2023-09-14T21:03:30","slug":"qui-sommes-nous","status":"publish","type":"page","link":"https:\/\/centredacim.com\/index.php\/qui-sommes-nous\/","title":{"rendered":"Qui sommes-nous?"},"content":{"rendered":"\n<div class=\"wp-block-cover\" style=\"margin-top:0;margin-bottom:0;padding-top:0;padding-bottom:0\"><span aria-hidden=\"true\" class=\"wp-block-cover__background has-background-dim-0 has-background-dim\"><\/span><img decoding=\"async\" loading=\"lazy\" width=\"1200\" height=\"817\" class=\"wp-block-cover__image-background wp-image-247\" alt=\"\" src=\"https:\/\/centredacim.com\/wp-content\/uploads\/2023\/09\/pexels-steve-johnson-2130475-1.png\" style=\"object-position:0% 0%\" data-object-fit=\"cover\" data-object-position=\"0% 0%\" srcset=\"https:\/\/centredacim.com\/wp-content\/uploads\/2023\/09\/pexels-steve-johnson-2130475-1.png 1200w, https:\/\/centredacim.com\/wp-content\/uploads\/2023\/09\/pexels-steve-johnson-2130475-1-300x204.png 300w, https:\/\/centredacim.com\/wp-content\/uploads\/2023\/09\/pexels-steve-johnson-2130475-1-1024x697.png 1024w, https:\/\/centredacim.com\/wp-content\/uploads\/2023\/09\/pexels-steve-johnson-2130475-1-768x523.png 768w, https:\/\/centredacim.com\/wp-content\/uploads\/2023\/09\/pexels-steve-johnson-2130475-1-1140x776.png 1140w\" sizes=\"(max-width: 1200px) 100vw, 1200px\" \/><div class=\"wp-block-cover__inner-container is-layout-flow wp-block-cover-is-layout-flow\">\n<p class=\"has-text-align-center has-large-font-size\"><\/p>\n<\/div><\/div>\n\n\n\n<div style=\"height:90px\" aria-hidden=\"true\" class=\"wp-block-spacer\"><\/div>\n\n\n\n<p class=\"has-xxl-font-size\">Mission du Centre d\u2019ACIM?<\/p>\n\n\n\n<p>Tout comme une fleur qui ne fleurit qu\u2019apr\u00e8s une longue p\u00e9riode d\u2019attente, la fleur de la culture et de l\u2019art, qui fleurit d\u2019innombrables fois au cours des si\u00e8cles, nous guide pour voir le monde avec sa beaut\u00e9 raffin\u00e9e.&nbsp;<\/p>\n\n\n\n<p>Gr\u00e2ce \u00e0 ce processus, nous pouvons percevoir la beaut\u00e9 des fleurs qui fleurissent \u00e0 l\u2019autre bout du globe et d\u00e9couvrir souvent des intersections o\u00f9 nous pouvons nous harmoniser.<\/p>\n\n\n\n<p><strong>Le Centre ACIM\u00a0<\/strong>cherche \u00e0 communiquer avec les voisins et les immigrants enracin\u00e9s au Canada et les personnes vivant dans une culture de r\u00e9gion lointaine, \u00e0 travers diverses activit\u00e9s (expositions, \u00e9ducation artistique, \u00e9v\u00e9nements culturels, culte, etc.).\u00a0<\/p>\n\n\n\n<p>Vous d\u00e9couvrirez la beaut\u00e9 de la vie \u00e0 travers notre centre offrant une belle exp\u00e9rience de vie, notamment.<\/p>\n\n\n\n<div style=\"height:100px\" aria-hidden=\"true\" class=\"wp-block-spacer\"><\/div>\n\n\n\n<p class=\"has-xl-font-size\"><strong>Acad\u00e9mie Beaux-Arts&nbsp;: <\/strong><\/p>\n\n\n\n<p>vous pouvez recevoir des cours d\u2019art technique acad\u00e9mique, de la peinture cor\u00e9enne et de la calligraphie avec une formation artistique de haut niveau et des conseils d\u2019artistes-enseignants professionnels ayant une longue exp\u00e9rience.<\/p>\n\n\n\n<p class=\"has-xl-font-size\"><br><strong>Programmes d\u2019arts mobiles :<\/strong><\/p>\n\n\n\n<p>ces programmes destinent aux personnes qui sont socialement d\u00e9favoris\u00e9es, qui ont une mobilit\u00e9 r\u00e9duite ou qui n\u2019ont pas acc\u00e8s aux conditions culturelles.&nbsp;<\/p>\n\n\n\n<p class=\"has-xl-font-size\"><br><strong>Le culte presbyt\u00e9rien :&nbsp;<\/strong><\/p>\n\n\n\n<p>ce service s\u2019offre dans notre centre tous les dimanches de 11h00 \u00e0 13h00.<\/p>\n\n\n\n<p class=\"has-xl-font-size\"><br><strong>Divers ateliers culturels et activit\u00e9s sp\u00e9ciales :&nbsp;<\/strong><\/p>\n\n\n\n<p>Cet atelier culturel vous ouvrira la porte vers la rencontre d\u2019un nouvel art et d\u2019une nouvelle culture. Il vous aidera aussi \u00e0 vivre une exp\u00e9rience professionnelle. De plus, des activit\u00e9s sp\u00e9ciales bas\u00e9es sur la culture cor\u00e9enne vous offrent une opportunit\u00e9 de d\u00e9couvrir des cultures autres que l\u2019art, comme la musique, la nourriture et la culture du th\u00e9, proches de notre vie quotidienne.<\/p>\n\n\n\n<div style=\"height:100px\" aria-hidden=\"true\" class=\"wp-block-spacer\"><\/div>\n\n\n\n<p class=\"has-xxl-font-size\">Notre \u00e9quipe<\/p>\n\n\n\n<p><\/p>\n\n\n\n<div class=\"wp-block-columns cols-shadow-hover cols-padding cols-single-sm gap-30 pt-2 pb-3 is-layout-flex wp-container-6 wp-block-columns-is-layout-flex\">\n<div class=\"wp-block-column is-layout-flow wp-block-column-is-layout-flow\">\n<figure class=\"wp-block-image aligncenter size-full is-resized is-style-rounded\"><img decoding=\"async\" loading=\"lazy\" src=\"https:\/\/centredacim.com\/wp-content\/uploads\/2023\/09\/Donghwan-KIM1.png\" alt=\"\" class=\"wp-image-116\" style=\"object-fit:cover;width:220px;height:300px\" width=\"220\" height=\"300\"\/><\/figure>\n\n\n\n<p><\/p>\n\n\n\n<h3 class=\"wp-block-heading has-text-align-center mt-1 mb-0 is-style-default has-large-font-size\"><strong>Donghwan Kim<\/strong><\/h3>\n\n\n\n<p><\/p>\n\n\n\n<p class=\"has-text-align-center has-main-color has-text-color\">Pr\u00e9sident<\/p>\n<\/div>\n\n\n\n<div class=\"wp-block-column is-layout-flow wp-block-column-is-layout-flow\">\n<figure class=\"wp-block-image aligncenter size-full is-resized is-style-rounded\"><img decoding=\"async\" loading=\"lazy\" src=\"https:\/\/centredacim.com\/wp-content\/uploads\/2023\/09\/Jung-Won-LIMacim2023.png\" alt=\"\" class=\"wp-image-118\" style=\"object-fit:cover;width:220px;height:300px\" width=\"220\" height=\"300\"\/><\/figure>\n\n\n\n<p><\/p>\n\n\n\n<h3 class=\"wp-block-heading has-text-align-center mt-1 mb-0 has-large-font-size\"><strong>Jung won Lim<\/strong> <\/h3>\n\n\n\n<p><\/p>\n\n\n\n<p class=\"has-text-align-center has-main-color has-text-color\">Vice-Pr\u00e9sidente<\/p>\n<\/div>\n\n\n\n<div class=\"wp-block-column is-layout-flow wp-block-column-is-layout-flow\">\n<figure class=\"wp-block-image aligncenter size-full is-resized is-style-rounded\"><img decoding=\"async\" loading=\"lazy\" src=\"https:\/\/centredacim.com\/wp-content\/uploads\/2023\/09\/Veronique-Pedneault4.png\" alt=\"\" class=\"wp-image-122\" style=\"object-fit:cover;width:220px;height:300px\" width=\"220\" height=\"300\"\/><\/figure>\n\n\n\n<p><\/p>\n\n\n\n<h3 class=\"wp-block-heading has-text-align-center mt-1 mb-0 has-large-font-size\"><strong>V\u00e9ronique Pedneault<\/strong><\/h3>\n\n\n\n<p><\/p>\n\n\n\n<p class=\"has-text-align-center has-main-color has-text-color\">Tr\u00e9sori\u00e8re<\/p>\n<\/div>\n\n\n\n<div class=\"wp-block-column is-layout-flow wp-block-column-is-layout-flow\">\n<figure class=\"wp-block-image aligncenter size-full is-resized is-style-rounded\"><img decoding=\"async\" loading=\"lazy\" src=\"https:\/\/centredacim.com\/wp-content\/uploads\/2023\/09\/Inyoung-Jang3.png\" alt=\"\" class=\"wp-image-123\" style=\"object-fit:cover;width:220px;height:300px\" width=\"220\" height=\"300\"\/><\/figure>\n\n\n\n<p><\/p>\n\n\n\n<h3 class=\"wp-block-heading has-text-align-center mt-1 mb-0 has-large-font-size\"><strong>Inyoung Jang<\/strong><\/h3>\n\n\n\n<p><\/p>\n\n\n\n<p class=\"has-text-align-center has-main-color has-text-color\">Secr\u00e9taire<\/p>\n<\/div>\n<\/div>\n","protected":false},"excerpt":{"rendered":"<p>Mission du Centre d\u2019ACIM? Tout comme une fleur qui ne fleurit qu\u2019apr\u00e8s une longue p\u00e9riode d\u2019attente, la fleur de la<span class=\"more-dots\">&#8230;<\/span><\/p>\n","protected":false},"author":1,"featured_media":0,"parent":0,"menu_order":0,"comment_status":"closed","ping_status":"closed","template":"","meta":{"_monsterinsights_skip_tracking":false,"_monsterinsights_sitenote_active":false,"_monsterinsights_sitenote_note":"","_monsterinsights_sitenote_category":0,"footnotes":""},"aioseo_notices":[],"_links":{"self":[{"href":"https:\/\/centredacim.com\/index.php\/wp-json\/wp\/v2\/pages\/58"}],"collection":[{"href":"https:\/\/centredacim.com\/index.php\/wp-json\/wp\/v2\/pages"}],"about":[{"href":"https:\/\/centredacim.com\/index.php\/wp-json\/wp\/v2\/types\/page"}],"author":[{"embeddable":true,"href":"https:\/\/centredacim.com\/index.php\/wp-json\/wp\/v2\/users\/1"}],"replies":[{"embeddable":true,"href":"https:\/\/centredacim.com\/index.php\/wp-json\/wp\/v2\/comments?post=58"}],"version-history":[{"count":23,"href":"https:\/\/centredacim.com\/index.php\/wp-json\/wp\/v2\/pages\/58\/revisions"}],"predecessor-version":[{"id":615,"href":"https:\/\/centredacim.com\/index.php\/wp-json\/wp\/v2\/pages\/58\/revisions\/615"}],"wp:attachment":[{"href":"https:\/\/centredacim.com\/index.php\/wp-json\/wp\/v2\/media?parent=58"}],"curies":[{"name":"wp","href":"https:\/\/api.w.org\/{rel}","templated":true}]}}